{"id":186,"date":"2024-11-21T10:46:30","date_gmt":"2024-11-21T09:46:30","guid":{"rendered":"https:\/\/openspacemy.pl\/?page_id=186"},"modified":"2024-12-02T22:52:00","modified_gmt":"2024-12-02T21:52:00","slug":"swiat-jako-fasola","status":"publish","type":"page","link":"https:\/\/openspacemy.pl\/index.php\/swiat-jako-fasola\/","title":{"rendered":"\u015aWIAT JAKO FASOLA"},"content":{"rendered":"\n<p>Projekt &#8220;\u015awiat jako fasola&#8221; realizowany wsp\u00f3lnie z Muzeum Miejskim w Tychach to przedsi\u0119wzi\u0119cie artystyczno-edukacyjne, kt\u00f3re bada niekonwencjonalne sposoby konceptualizowania \u015bwiata i wykorzystuje metafor\u0119 fasoli. Inicjatywa ta zosta\u0142a zorganizowana wok\u00f3\u0142 trzech g\u0142\u00f3wnych temat\u00f3w:<\/p>\n\n\n\n<ol>\n<li><strong>Mi\u0119dzypokoleniowe warsztaty w ogr\u00f3dku Muzeum Miejskiego w Tychach<\/strong>: W ramach warsztat\u00f3w wsp\u00f3lnie zastanawiali\u015bmy si\u0119 nad pytaniem, czy \u015bwiat jest jak fasola. Uczestnicy i uczestniczki, wyposa\u017ceni w ksi\u0105\u017ceczk\u0119 &#8220;\u015awiat jako fasola&#8221;, kt\u00f3r\u0105 ka\u017cda osoba otrzyma\u0142a na pocz\u0105tku spotkania, pracowali nad wyobra\u017caniem sobie kszta\u0142t\u00f3w, kt\u00f3re mog\u0105 pom\u00f3c w interpretacji otaczaj\u0105cego nas \u015bwiata, przeprowadzali tw\u00f3rcze do\u015bwiadczenia oraz szukali dowod\u00f3w na podparcie hipotezy, \u017ce \u015bwiat jest jak fasola.<\/li>\n\n\n\n<li><strong>Instalacja artystyczna<\/strong>: R\u00f3wnocze\u015bnie podczas warsztat\u00f3w, wsp\u00f3lnymi si\u0142ami stworzona zosta\u0142a specjalna konstrukcja, kt\u00f3ra przez kilka miesi\u0119cy obrasta\u0142a p\u0119dami fasola. Ro\u015bliny stworzy\u0142y \u017cywy element instalacji. Na pocz\u0105tku jesieni konstrukcja przekszta\u0142ci\u0142a si\u0119 w intymn\u0105 przestrze\u0144, do kt\u00f3rej mo\u017cna by\u0142o wej\u015b\u0107 i odda\u0107 si\u0119 refleksji i medytacji.<\/li>\n\n\n\n<li><strong>Jesienne warsztaty zbioru fasoli<\/strong>: Ostatni etap projektu odby\u0142 si\u0119 w pa\u017adzierniku, kiedy spotkali\u015bmy si\u0119, aby zebra\u0107 fasol\u0119. Podczas tych warsztat\u00f3w uczestniczy\u0142y\u015bmy we wr\u00f3\u017cbach z ziaren fasoli, prowadzonych przez Kub\u0119 Skuch\u0119 z Muzeum Miejskiego w Tychach. Dzi\u0119ki temu spotkaniu mog\u0142y\u015bmy g\u0142\u0119biej zrozumie\u0107 kulturowe i symboliczne aspekty zwi\u0105zane z fasol\u0105 i jej obecno\u015bci\u0105 w ludzkim \u017cyciu.<\/li>\n<\/ol>\n\n\n\n<p><\/p>\n\n\n\n<figure class=\"is-layout-flex wp-block-gallery-1 wp-block-gallery has-nested-images columns-default is-cropped\">\n<figure class=\"wp-block-image size-large\"><img decoding=\"async\" loading=\"lazy\" width=\"1024\" height=\"683\" data-id=\"187\"  src=\"https:\/\/openspacemy.pl\/wp-content\/uploads\/2024\/11\/39b4e119-8d81-4297-bb8f-4fae7d544106-1024x683.jpg\" alt=\"\" class=\"wp-image-187\" srcset=\"https:\/\/openspacemy.pl\/wp-content\/uploads\/2024\/11\/39b4e119-8d81-4297-bb8f-4fae7d544106-1024x683.jpg 1024w, https:\/\/openspacemy.pl\/wp-content\/uploads\/2024\/11\/39b4e119-8d81-4297-bb8f-4fae7d544106-300x200.jpg 300w, https:\/\/openspacemy.pl\/wp-content\/uploads\/2024\/11\/39b4e119-8d81-4297-bb8f-4fae7d544106-768x512.jpg 768w, https:\/\/openspacemy.pl\/wp-content\/uploads\/2024\/11\/39b4e119-8d81-4297-bb8f-4fae7d544106-1536x1024.jpg 1536w, https:\/\/openspacemy.pl\/wp-content\/uploads\/2024\/11\/39b4e119-8d81-4297-bb8f-4fae7d544106.jpg 2040w\" sizes=\"(max-width: 1024px) 100vw, 1024px\" \/><\/figure>\n\n\n\n<figure class=\"wp-block-image size-large\"><img decoding=\"async\" loading=\"lazy\" width=\"1024\" height=\"683\" data-id=\"188\"  src=\"https:\/\/openspacemy.pl\/wp-content\/uploads\/2024\/11\/0665efca-65f6-488f-a3b9-6e8e90f64992-1024x683.jpg\" alt=\"\" class=\"wp-image-188\" srcset=\"https:\/\/openspacemy.pl\/wp-content\/uploads\/2024\/11\/0665efca-65f6-488f-a3b9-6e8e90f64992-1024x683.jpg 1024w, https:\/\/openspacemy.pl\/wp-content\/uploads\/2024\/11\/0665efca-65f6-488f-a3b9-6e8e90f64992-300x200.jpg 300w, https:\/\/openspacemy.pl\/wp-content\/uploads\/2024\/11\/0665efca-65f6-488f-a3b9-6e8e90f64992-768x512.jpg 768w, https:\/\/openspacemy.pl\/wp-content\/uploads\/2024\/11\/0665efca-65f6-488f-a3b9-6e8e90f64992-1536x1024.jpg 1536w, https:\/\/openspacemy.pl\/wp-content\/uploads\/2024\/11\/0665efca-65f6-488f-a3b9-6e8e90f64992.jpg 2040w\" sizes=\"(max-width: 1024px) 100vw, 1024px\" \/><\/figure>\n\n\n\n<figure class=\"wp-block-image size-large\"><img decoding=\"async\" loading=\"lazy\" width=\"683\" height=\"1024\" data-id=\"189\"  src=\"https:\/\/openspacemy.pl\/wp-content\/uploads\/2024\/11\/5ab07f38-5783-4ee2-841a-4afd865a3cce-683x1024.jpg\" alt=\"\" class=\"wp-image-189\" srcset=\"https:\/\/openspacemy.pl\/wp-content\/uploads\/2024\/11\/5ab07f38-5783-4ee2-841a-4afd865a3cce-683x1024.jpg 683w, https:\/\/openspacemy.pl\/wp-content\/uploads\/2024\/11\/5ab07f38-5783-4ee2-841a-4afd865a3cce-200x300.jpg 200w, https:\/\/openspacemy.pl\/wp-content\/uploads\/2024\/11\/5ab07f38-5783-4ee2-841a-4afd865a3cce-768x1152.jpg 768w, https:\/\/openspacemy.pl\/wp-content\/uploads\/2024\/11\/5ab07f38-5783-4ee2-841a-4afd865a3cce-1024x1536.jpg 1024w, https:\/\/openspacemy.pl\/wp-content\/uploads\/2024\/11\/5ab07f38-5783-4ee2-841a-4afd865a3cce.jpg 1360w\" sizes=\"(max-width: 683px) 100vw, 683px\" \/><\/figure>\n\n\n\n<figure class=\"wp-block-image size-large\"><img decoding=\"async\" loading=\"lazy\" width=\"1024\" height=\"682\" data-id=\"190\"  src=\"https:\/\/openspacemy.pl\/wp-content\/uploads\/2024\/11\/59237567-f916-4838-aff2-1208ab1d1eeb-1024x682.jpg\" alt=\"\" class=\"wp-image-190\" srcset=\"https:\/\/openspacemy.pl\/wp-content\/uploads\/2024\/11\/59237567-f916-4838-aff2-1208ab1d1eeb-1024x682.jpg 1024w, https:\/\/openspacemy.pl\/wp-content\/uploads\/2024\/11\/59237567-f916-4838-aff2-1208ab1d1eeb-300x200.jpg 300w, https:\/\/openspacemy.pl\/wp-content\/uploads\/2024\/11\/59237567-f916-4838-aff2-1208ab1d1eeb-768x512.jpg 768w, https:\/\/openspacemy.pl\/wp-content\/uploads\/2024\/11\/59237567-f916-4838-aff2-1208ab1d1eeb-1536x1023.jpg 1536w, https:\/\/openspacemy.pl\/wp-content\/uploads\/2024\/11\/59237567-f916-4838-aff2-1208ab1d1eeb.jpg 2040w\" sizes=\"(max-width: 1024px) 100vw, 1024px\" \/><\/figure>\n\n\n\n<figure class=\"wp-block-image size-large\"><img decoding=\"async\" loading=\"lazy\" width=\"683\" height=\"1024\" data-id=\"191\"  src=\"https:\/\/openspacemy.pl\/wp-content\/uploads\/2024\/11\/e209c7e6-f4dc-48e8-a3f8-451943b3e081-683x1024.jpg\" alt=\"\" class=\"wp-image-191\" srcset=\"https:\/\/openspacemy.pl\/wp-content\/uploads\/2024\/11\/e209c7e6-f4dc-48e8-a3f8-451943b3e081-683x1024.jpg 683w, https:\/\/openspacemy.pl\/wp-content\/uploads\/2024\/11\/e209c7e6-f4dc-48e8-a3f8-451943b3e081-200x300.jpg 200w, https:\/\/openspacemy.pl\/wp-content\/uploads\/2024\/11\/e209c7e6-f4dc-48e8-a3f8-451943b3e081-768x1152.jpg 768w, https:\/\/openspacemy.pl\/wp-content\/uploads\/2024\/11\/e209c7e6-f4dc-48e8-a3f8-451943b3e081-1024x1536.jpg 1024w, https:\/\/openspacemy.pl\/wp-content\/uploads\/2024\/11\/e209c7e6-f4dc-48e8-a3f8-451943b3e081.jpg 1360w\" sizes=\"(max-width: 683px) 100vw, 683px\" \/><\/figure>\n\n\n\n<figure class=\"wp-block-image size-large\"><img decoding=\"async\" loading=\"lazy\" width=\"682\" height=\"1024\" data-id=\"192\"  src=\"https:\/\/openspacemy.pl\/wp-content\/uploads\/2024\/11\/058fa624-e421-457c-8a5a-cf4c34f8384b-682x1024.jpg\" alt=\"\" class=\"wp-image-192\" srcset=\"https:\/\/openspacemy.pl\/wp-content\/uploads\/2024\/11\/058fa624-e421-457c-8a5a-cf4c34f8384b-682x1024.jpg 682w, https:\/\/openspacemy.pl\/wp-content\/uploads\/2024\/11\/058fa624-e421-457c-8a5a-cf4c34f8384b-200x300.jpg 200w, https:\/\/openspacemy.pl\/wp-content\/uploads\/2024\/11\/058fa624-e421-457c-8a5a-cf4c34f8384b-768x1153.jpg 768w, https:\/\/openspacemy.pl\/wp-content\/uploads\/2024\/11\/058fa624-e421-457c-8a5a-cf4c34f8384b-1023x1536.jpg 1023w, https:\/\/openspacemy.pl\/wp-content\/uploads\/2024\/11\/058fa624-e421-457c-8a5a-cf4c34f8384b.jpg 1359w\" sizes=\"(max-width: 682px) 100vw, 682px\" \/><\/figure>\n\n\n\n<figure class=\"wp-block-image size-large\"><img decoding=\"async\" loading=\"lazy\" width=\"771\" height=\"1024\" data-id=\"193\"  src=\"https:\/\/openspacemy.pl\/wp-content\/uploads\/2024\/11\/d6036f95-cea2-4e53-a53c-9aaa9c7cc7a1-771x1024.jpg\" alt=\"\" class=\"wp-image-193\" srcset=\"https:\/\/openspacemy.pl\/wp-content\/uploads\/2024\/11\/d6036f95-cea2-4e53-a53c-9aaa9c7cc7a1-771x1024.jpg 771w, https:\/\/openspacemy.pl\/wp-content\/uploads\/2024\/11\/d6036f95-cea2-4e53-a53c-9aaa9c7cc7a1-226x300.jpg 226w, https:\/\/openspacemy.pl\/wp-content\/uploads\/2024\/11\/d6036f95-cea2-4e53-a53c-9aaa9c7cc7a1-768x1020.jpg 768w, https:\/\/openspacemy.pl\/wp-content\/uploads\/2024\/11\/d6036f95-cea2-4e53-a53c-9aaa9c7cc7a1-1157x1536.jpg 1157w, https:\/\/openspacemy.pl\/wp-content\/uploads\/2024\/11\/d6036f95-cea2-4e53-a53c-9aaa9c7cc7a1.jpg 1536w\" sizes=\"(max-width: 771px) 100vw, 771px\" \/><\/figure>\n\n\n\n<figure class=\"wp-block-image size-large\"><img decoding=\"async\" loading=\"lazy\" width=\"683\" height=\"1024\" data-id=\"195\"  src=\"https:\/\/openspacemy.pl\/wp-content\/uploads\/2024\/11\/743d8386-80e4-4bac-b87e-b2cace70dac0-683x1024.jpg\" alt=\"\" class=\"wp-image-195\" srcset=\"https:\/\/openspacemy.pl\/wp-content\/uploads\/2024\/11\/743d8386-80e4-4bac-b87e-b2cace70dac0-683x1024.jpg 683w, https:\/\/openspacemy.pl\/wp-content\/uploads\/2024\/11\/743d8386-80e4-4bac-b87e-b2cace70dac0-200x300.jpg 200w, https:\/\/openspacemy.pl\/wp-content\/uploads\/2024\/11\/743d8386-80e4-4bac-b87e-b2cace70dac0-768x1152.jpg 768w, https:\/\/openspacemy.pl\/wp-content\/uploads\/2024\/11\/743d8386-80e4-4bac-b87e-b2cace70dac0-1024x1536.jpg 1024w, https:\/\/openspacemy.pl\/wp-content\/uploads\/2024\/11\/743d8386-80e4-4bac-b87e-b2cace70dac0.jpg 1360w\" sizes=\"(max-width: 683px) 100vw, 683px\" \/><\/figure>\n\n\n\n<figure class=\"wp-block-image size-large\"><img decoding=\"async\" loading=\"lazy\" width=\"683\" height=\"1024\" data-id=\"196\"  src=\"https:\/\/openspacemy.pl\/wp-content\/uploads\/2024\/11\/5ab07f38-5783-4ee2-841a-4afd865a3cce-1-683x1024.jpg\" alt=\"\" class=\"wp-image-196\" srcset=\"https:\/\/openspacemy.pl\/wp-content\/uploads\/2024\/11\/5ab07f38-5783-4ee2-841a-4afd865a3cce-1-683x1024.jpg 683w, https:\/\/openspacemy.pl\/wp-content\/uploads\/2024\/11\/5ab07f38-5783-4ee2-841a-4afd865a3cce-1-200x300.jpg 200w, https:\/\/openspacemy.pl\/wp-content\/uploads\/2024\/11\/5ab07f38-5783-4ee2-841a-4afd865a3cce-1-768x1152.jpg 768w, https:\/\/openspacemy.pl\/wp-content\/uploads\/2024\/11\/5ab07f38-5783-4ee2-841a-4afd865a3cce-1-1024x1536.jpg 1024w, https:\/\/openspacemy.pl\/wp-content\/uploads\/2024\/11\/5ab07f38-5783-4ee2-841a-4afd865a3cce-1.jpg 1360w\" sizes=\"(max-width: 683px) 100vw, 683px\" \/><\/figure>\n\n\n\n<figure class=\"wp-block-image size-large\"><img decoding=\"async\" loading=\"lazy\" width=\"1024\" height=\"682\" data-id=\"197\"  src=\"https:\/\/openspacemy.pl\/wp-content\/uploads\/2024\/11\/377a09b5-3061-4ad6-80e5-b6b029419574-1024x682.jpg\" alt=\"\" class=\"wp-image-197\" srcset=\"https:\/\/openspacemy.pl\/wp-content\/uploads\/2024\/11\/377a09b5-3061-4ad6-80e5-b6b029419574-1024x682.jpg 1024w, https:\/\/openspacemy.pl\/wp-content\/uploads\/2024\/11\/377a09b5-3061-4ad6-80e5-b6b029419574-300x200.jpg 300w, https:\/\/openspacemy.pl\/wp-content\/uploads\/2024\/11\/377a09b5-3061-4ad6-80e5-b6b029419574-768x512.jpg 768w, https:\/\/openspacemy.pl\/wp-content\/uploads\/2024\/11\/377a09b5-3061-4ad6-80e5-b6b029419574-1536x1023.jpg 1536w, https:\/\/openspacemy.pl\/wp-content\/uploads\/2024\/11\/377a09b5-3061-4ad6-80e5-b6b029419574.jpg 2040w\" sizes=\"(max-width: 1024px) 100vw, 1024px\" \/><\/figure>\n\n\n\n<figure class=\"wp-block-image size-large\"><img decoding=\"async\" loading=\"lazy\" width=\"683\" height=\"1024\" data-id=\"198\"  src=\"https:\/\/openspacemy.pl\/wp-content\/uploads\/2024\/11\/0d35449a-94b7-4b80-bdb5-3ddac44f0631-683x1024.jpg\" alt=\"\" class=\"wp-image-198\" srcset=\"https:\/\/openspacemy.pl\/wp-content\/uploads\/2024\/11\/0d35449a-94b7-4b80-bdb5-3ddac44f0631-683x1024.jpg 683w, https:\/\/openspacemy.pl\/wp-content\/uploads\/2024\/11\/0d35449a-94b7-4b80-bdb5-3ddac44f0631-200x300.jpg 200w, https:\/\/openspacemy.pl\/wp-content\/uploads\/2024\/11\/0d35449a-94b7-4b80-bdb5-3ddac44f0631-768x1152.jpg 768w, https:\/\/openspacemy.pl\/wp-content\/uploads\/2024\/11\/0d35449a-94b7-4b80-bdb5-3ddac44f0631-1024x1536.jpg 1024w, https:\/\/openspacemy.pl\/wp-content\/uploads\/2024\/11\/0d35449a-94b7-4b80-bdb5-3ddac44f0631.jpg 1360w\" sizes=\"(max-width: 683px) 100vw, 683px\" \/><\/figure>\n\n\n\n<figure class=\"wp-block-image size-large\"><img decoding=\"async\" loading=\"lazy\" width=\"1024\" height=\"683\" data-id=\"199\"  src=\"https:\/\/openspacemy.pl\/wp-content\/uploads\/2024\/11\/708f78b9-833a-44a6-b17b-ac271dc9c733-1024x683.jpg\" alt=\"\" class=\"wp-image-199\" srcset=\"https:\/\/openspacemy.pl\/wp-content\/uploads\/2024\/11\/708f78b9-833a-44a6-b17b-ac271dc9c733-1024x683.jpg 1024w, https:\/\/openspacemy.pl\/wp-content\/uploads\/2024\/11\/708f78b9-833a-44a6-b17b-ac271dc9c733-300x200.jpg 300w, https:\/\/openspacemy.pl\/wp-content\/uploads\/2024\/11\/708f78b9-833a-44a6-b17b-ac271dc9c733-768x512.jpg 768w, https:\/\/openspacemy.pl\/wp-content\/uploads\/2024\/11\/708f78b9-833a-44a6-b17b-ac271dc9c733-1536x1024.jpg 1536w, https:\/\/openspacemy.pl\/wp-content\/uploads\/2024\/11\/708f78b9-833a-44a6-b17b-ac271dc9c733.jpg 2040w\" sizes=\"(max-width: 1024px) 100vw, 1024px\" \/><\/figure>\n\n\n\n<figure class=\"wp-block-image size-large\"><img decoding=\"async\" loading=\"lazy\" width=\"771\" height=\"1024\" data-id=\"200\"  src=\"https:\/\/openspacemy.pl\/wp-content\/uploads\/2024\/11\/6a81f759-5f59-4076-8151-ab7d62f704be-771x1024.jpg\" alt=\"\" class=\"wp-image-200\" srcset=\"https:\/\/openspacemy.pl\/wp-content\/uploads\/2024\/11\/6a81f759-5f59-4076-8151-ab7d62f704be-771x1024.jpg 771w, https:\/\/openspacemy.pl\/wp-content\/uploads\/2024\/11\/6a81f759-5f59-4076-8151-ab7d62f704be-226x300.jpg 226w, https:\/\/openspacemy.pl\/wp-content\/uploads\/2024\/11\/6a81f759-5f59-4076-8151-ab7d62f704be-768x1020.jpg 768w, https:\/\/openspacemy.pl\/wp-content\/uploads\/2024\/11\/6a81f759-5f59-4076-8151-ab7d62f704be-1157x1536.jpg 1157w, https:\/\/openspacemy.pl\/wp-content\/uploads\/2024\/11\/6a81f759-5f59-4076-8151-ab7d62f704be.jpg 1536w\" sizes=\"(max-width: 771px) 100vw, 771px\" \/><\/figure>\n\n\n\n<figure class=\"wp-block-image size-large\"><img decoding=\"async\" loading=\"lazy\" width=\"771\" height=\"1024\" data-id=\"201\"  src=\"https:\/\/openspacemy.pl\/wp-content\/uploads\/2024\/11\/e3a23319-eec9-47a9-afa6-e64ee8478bf6-771x1024.jpg\" alt=\"\" class=\"wp-image-201\" srcset=\"https:\/\/openspacemy.pl\/wp-content\/uploads\/2024\/11\/e3a23319-eec9-47a9-afa6-e64ee8478bf6-771x1024.jpg 771w, https:\/\/openspacemy.pl\/wp-content\/uploads\/2024\/11\/e3a23319-eec9-47a9-afa6-e64ee8478bf6-226x300.jpg 226w, https:\/\/openspacemy.pl\/wp-content\/uploads\/2024\/11\/e3a23319-eec9-47a9-afa6-e64ee8478bf6-768x1020.jpg 768w, https:\/\/openspacemy.pl\/wp-content\/uploads\/2024\/11\/e3a23319-eec9-47a9-afa6-e64ee8478bf6-1157x1536.jpg 1157w, https:\/\/openspacemy.pl\/wp-content\/uploads\/2024\/11\/e3a23319-eec9-47a9-afa6-e64ee8478bf6.jpg 1536w\" sizes=\"(max-width: 771px) 100vw, 771px\" \/><\/figure>\n\n\n\n<figure class=\"wp-block-image size-large\"><img decoding=\"async\" loading=\"lazy\" width=\"1024\" height=\"185\" data-id=\"202\"  src=\"https:\/\/openspacemy.pl\/wp-content\/uploads\/2024\/11\/daea7f73-dd69-4d32-9213-bfdf7363cd75-1024x185.jpg\" alt=\"\" class=\"wp-image-202\" srcset=\"https:\/\/openspacemy.pl\/wp-content\/uploads\/2024\/11\/daea7f73-dd69-4d32-9213-bfdf7363cd75-1024x185.jpg 1024w, https:\/\/openspacemy.pl\/wp-content\/uploads\/2024\/11\/daea7f73-dd69-4d32-9213-bfdf7363cd75-300x54.jpg 300w, https:\/\/openspacemy.pl\/wp-content\/uploads\/2024\/11\/daea7f73-dd69-4d32-9213-bfdf7363cd75-768x139.jpg 768w, https:\/\/openspacemy.pl\/wp-content\/uploads\/2024\/11\/daea7f73-dd69-4d32-9213-bfdf7363cd75-1536x278.jpg 1536w, https:\/\/openspacemy.pl\/wp-content\/uploads\/2024\/11\/daea7f73-dd69-4d32-9213-bfdf7363cd75.jpg 2048w\" sizes=\"(max-width: 1024px) 100vw, 1024px\" \/><\/figure>\n\n\n\n<figure class=\"wp-block-image size-large\"><img decoding=\"async\" loading=\"lazy\" width=\"771\" height=\"1024\" data-id=\"203\"  src=\"https:\/\/openspacemy.pl\/wp-content\/uploads\/2024\/11\/9f27d147-09df-4317-872b-3387471d493d-771x1024.jpg\" alt=\"\" class=\"wp-image-203\" srcset=\"https:\/\/openspacemy.pl\/wp-content\/uploads\/2024\/11\/9f27d147-09df-4317-872b-3387471d493d-771x1024.jpg 771w, https:\/\/openspacemy.pl\/wp-content\/uploads\/2024\/11\/9f27d147-09df-4317-872b-3387471d493d-226x300.jpg 226w, https:\/\/openspacemy.pl\/wp-content\/uploads\/2024\/11\/9f27d147-09df-4317-872b-3387471d493d-768x1020.jpg 768w, https:\/\/openspacemy.pl\/wp-content\/uploads\/2024\/11\/9f27d147-09df-4317-872b-3387471d493d-1157x1536.jpg 1157w, https:\/\/openspacemy.pl\/wp-content\/uploads\/2024\/11\/9f27d147-09df-4317-872b-3387471d493d.jpg 1536w\" sizes=\"(max-width: 771px) 100vw, 771px\" \/><\/figure>\n\n\n\n<figure class=\"wp-block-image size-large\"><img decoding=\"async\" loading=\"lazy\" width=\"1024\" height=\"718\" data-id=\"204\"  src=\"https:\/\/openspacemy.pl\/wp-content\/uploads\/2024\/11\/c3d05009-7471-4966-934e-5ad00b78e8b0-1024x718.jpg\" alt=\"\" class=\"wp-image-204\" srcset=\"https:\/\/openspacemy.pl\/wp-content\/uploads\/2024\/11\/c3d05009-7471-4966-934e-5ad00b78e8b0-1024x718.jpg 1024w, https:\/\/openspacemy.pl\/wp-content\/uploads\/2024\/11\/c3d05009-7471-4966-934e-5ad00b78e8b0-300x210.jpg 300w, https:\/\/openspacemy.pl\/wp-content\/uploads\/2024\/11\/c3d05009-7471-4966-934e-5ad00b78e8b0-768x538.jpg 768w, https:\/\/openspacemy.pl\/wp-content\/uploads\/2024\/11\/c3d05009-7471-4966-934e-5ad00b78e8b0-1536x1076.jpg 1536w, https:\/\/openspacemy.pl\/wp-content\/uploads\/2024\/11\/c3d05009-7471-4966-934e-5ad00b78e8b0.jpg 2048w\" sizes=\"(max-width: 1024px) 100vw, 1024px\" \/><\/figure>\n\n\n\n<figure class=\"wp-block-image size-large\"><img decoding=\"async\" loading=\"lazy\" width=\"1024\" height=\"776\" data-id=\"205\"  src=\"https:\/\/openspacemy.pl\/wp-content\/uploads\/2024\/11\/30255bb4-273d-4d3e-b51a-204ab218db21-1024x776.jpg\" alt=\"\" class=\"wp-image-205\" srcset=\"https:\/\/openspacemy.pl\/wp-content\/uploads\/2024\/11\/30255bb4-273d-4d3e-b51a-204ab218db21-1024x776.jpg 1024w, https:\/\/openspacemy.pl\/wp-content\/uploads\/2024\/11\/30255bb4-273d-4d3e-b51a-204ab218db21-300x227.jpg 300w, https:\/\/openspacemy.pl\/wp-content\/uploads\/2024\/11\/30255bb4-273d-4d3e-b51a-204ab218db21-768x582.jpg 768w, https:\/\/openspacemy.pl\/wp-content\/uploads\/2024\/11\/30255bb4-273d-4d3e-b51a-204ab218db21-1536x1163.jpg 1536w, https:\/\/openspacemy.pl\/wp-content\/uploads\/2024\/11\/30255bb4-273d-4d3e-b51a-204ab218db21.jpg 2048w\" sizes=\"(max-width: 1024px) 100vw, 1024px\" \/><\/figure>\n\n\n\n<figure class=\"wp-block-image size-large\"><img decoding=\"async\" loading=\"lazy\" width=\"1024\" height=\"771\" data-id=\"206\"  src=\"https:\/\/openspacemy.pl\/wp-content\/uploads\/2024\/11\/f211ab78-d220-4332-98b3-26e90c3c5957-1024x771.jpg\" alt=\"\" class=\"wp-image-206\" srcset=\"https:\/\/openspacemy.pl\/wp-content\/uploads\/2024\/11\/f211ab78-d220-4332-98b3-26e90c3c5957-1024x771.jpg 1024w, https:\/\/openspacemy.pl\/wp-content\/uploads\/2024\/11\/f211ab78-d220-4332-98b3-26e90c3c5957-300x226.jpg 300w, https:\/\/openspacemy.pl\/wp-content\/uploads\/2024\/11\/f211ab78-d220-4332-98b3-26e90c3c5957-768x578.jpg 768w, https:\/\/openspacemy.pl\/wp-content\/uploads\/2024\/11\/f211ab78-d220-4332-98b3-26e90c3c5957-1536x1157.jpg 1536w, https:\/\/openspacemy.pl\/wp-content\/uploads\/2024\/11\/f211ab78-d220-4332-98b3-26e90c3c5957.jpg 2040w\" sizes=\"(max-width: 1024px) 100vw, 1024px\" \/><\/figure>\n\n\n\n<figure class=\"wp-block-image size-large\"><img decoding=\"async\" loading=\"lazy\" width=\"1024\" height=\"1024\" data-id=\"207\"  src=\"https:\/\/openspacemy.pl\/wp-content\/uploads\/2024\/11\/eb3eaa14-9021-44ea-9487-78df4f2b9536-1024x1024.jpg\" alt=\"\" class=\"wp-image-207\" srcset=\"https:\/\/openspacemy.pl\/wp-content\/uploads\/2024\/11\/eb3eaa14-9021-44ea-9487-78df4f2b9536-1024x1024.jpg 1024w, https:\/\/openspacemy.pl\/wp-content\/uploads\/2024\/11\/eb3eaa14-9021-44ea-9487-78df4f2b9536-300x300.jpg 300w, https:\/\/openspacemy.pl\/wp-content\/uploads\/2024\/11\/eb3eaa14-9021-44ea-9487-78df4f2b9536-150x150.jpg 150w, https:\/\/openspacemy.pl\/wp-content\/uploads\/2024\/11\/eb3eaa14-9021-44ea-9487-78df4f2b9536-768x768.jpg 768w, https:\/\/openspacemy.pl\/wp-content\/uploads\/2024\/11\/eb3eaa14-9021-44ea-9487-78df4f2b9536.jpg 1536w\" sizes=\"(max-width: 1024px) 100vw, 1024px\" \/><\/figure>\n\n\n\n<figure class=\"wp-block-image size-large\"><img decoding=\"async\" loading=\"lazy\" width=\"1024\" height=\"1024\" data-id=\"208\"  src=\"https:\/\/openspacemy.pl\/wp-content\/uploads\/2024\/11\/c23104c3-87c7-472d-ab06-16608a7c95b3-1024x1024.jpg\" alt=\"\" class=\"wp-image-208\" srcset=\"https:\/\/openspacemy.pl\/wp-content\/uploads\/2024\/11\/c23104c3-87c7-472d-ab06-16608a7c95b3-1024x1024.jpg 1024w, https:\/\/openspacemy.pl\/wp-content\/uploads\/2024\/11\/c23104c3-87c7-472d-ab06-16608a7c95b3-300x300.jpg 300w, https:\/\/openspacemy.pl\/wp-content\/uploads\/2024\/11\/c23104c3-87c7-472d-ab06-16608a7c95b3-150x150.jpg 150w, https:\/\/openspacemy.pl\/wp-content\/uploads\/2024\/11\/c23104c3-87c7-472d-ab06-16608a7c95b3-768x768.jpg 768w, https:\/\/openspacemy.pl\/wp-content\/uploads\/2024\/11\/c23104c3-87c7-472d-ab06-16608a7c95b3.jpg 1536w\" sizes=\"(max-width: 1024px) 100vw, 1024px\" \/><\/figure>\n\n\n\n<figure class=\"wp-block-image size-large\"><img decoding=\"async\" loading=\"lazy\" width=\"1024\" height=\"1024\" data-id=\"209\"  src=\"https:\/\/openspacemy.pl\/wp-content\/uploads\/2024\/11\/3d5180f0-2fad-440b-a9aa-09083cdebf08-1024x1024.jpg\" alt=\"\" class=\"wp-image-209\" srcset=\"https:\/\/openspacemy.pl\/wp-content\/uploads\/2024\/11\/3d5180f0-2fad-440b-a9aa-09083cdebf08-1024x1024.jpg 1024w, https:\/\/openspacemy.pl\/wp-content\/uploads\/2024\/11\/3d5180f0-2fad-440b-a9aa-09083cdebf08-300x300.jpg 300w, https:\/\/openspacemy.pl\/wp-content\/uploads\/2024\/11\/3d5180f0-2fad-440b-a9aa-09083cdebf08-150x150.jpg 150w, https:\/\/openspacemy.pl\/wp-content\/uploads\/2024\/11\/3d5180f0-2fad-440b-a9aa-09083cdebf08-768x768.jpg 768w, https:\/\/openspacemy.pl\/wp-content\/uploads\/2024\/11\/3d5180f0-2fad-440b-a9aa-09083cdebf08.jpg 1536w\" sizes=\"(max-width: 1024px) 100vw, 1024px\" \/><\/figure>\n\n\n\n<figure class=\"wp-block-image size-large\"><img decoding=\"async\" loading=\"lazy\" width=\"682\" height=\"1024\" data-id=\"210\"  src=\"https:\/\/openspacemy.pl\/wp-content\/uploads\/2024\/11\/7aaddefd-89c8-474a-bc03-4f036b85c6d9-682x1024.jpg\" alt=\"\" class=\"wp-image-210\" srcset=\"https:\/\/openspacemy.pl\/wp-content\/uploads\/2024\/11\/7aaddefd-89c8-474a-bc03-4f036b85c6d9-682x1024.jpg 682w, https:\/\/openspacemy.pl\/wp-content\/uploads\/2024\/11\/7aaddefd-89c8-474a-bc03-4f036b85c6d9-200x300.jpg 200w, https:\/\/openspacemy.pl\/wp-content\/uploads\/2024\/11\/7aaddefd-89c8-474a-bc03-4f036b85c6d9-768x1153.jpg 768w, https:\/\/openspacemy.pl\/wp-content\/uploads\/2024\/11\/7aaddefd-89c8-474a-bc03-4f036b85c6d9-1023x1536.jpg 1023w, https:\/\/openspacemy.pl\/wp-content\/uploads\/2024\/11\/7aaddefd-89c8-474a-bc03-4f036b85c6d9.jpg 1359w\" sizes=\"(max-width: 682px) 100vw, 682px\" \/><\/figure>\n\n\n\n<figure class=\"wp-block-image size-large\"><img decoding=\"async\" loading=\"lazy\" width=\"1024\" height=\"683\" data-id=\"211\"  src=\"https:\/\/openspacemy.pl\/wp-content\/uploads\/2024\/11\/aa954690-98cb-4f06-ba96-060caa2f0813-1024x683.jpg\" alt=\"\" class=\"wp-image-211\" srcset=\"https:\/\/openspacemy.pl\/wp-content\/uploads\/2024\/11\/aa954690-98cb-4f06-ba96-060caa2f0813-1024x683.jpg 1024w, https:\/\/openspacemy.pl\/wp-content\/uploads\/2024\/11\/aa954690-98cb-4f06-ba96-060caa2f0813-300x200.jpg 300w, https:\/\/openspacemy.pl\/wp-content\/uploads\/2024\/11\/aa954690-98cb-4f06-ba96-060caa2f0813-768x512.jpg 768w, https:\/\/openspacemy.pl\/wp-content\/uploads\/2024\/11\/aa954690-98cb-4f06-ba96-060caa2f0813-1536x1024.jpg 1536w, https:\/\/openspacemy.pl\/wp-content\/uploads\/2024\/11\/aa954690-98cb-4f06-ba96-060caa2f0813.jpg 2040w\" sizes=\"(max-width: 1024px) 100vw, 1024px\" \/><\/figure>\n<\/figure>\n","protected":false},"excerpt":{"rendered":"<p>Projekt &#8220;\u015awiat jako fasola&#8221; realizowany wsp\u00f3lnie z Muzeum Miejskim w Tychach to przedsi\u0119wzi\u0119cie artystyczno-edukacyjne, kt\u00f3re bada niekonwencjonalne sposoby konceptualizowania \u015bwiata i wykorzystuje metafor\u0119 fasoli. Inicjatywa ta zosta\u0142a zorganizowana wok\u00f3\u0142 trzech g\u0142\u00f3wnych temat\u00f3w:<\/p>\n","protected":false},"author":1,"featured_media":0,"parent":0,"menu_order":0,"comment_status":"closed","ping_status":"closed","template":"","meta":[],"_links":{"self":[{"href":"https:\/\/openspacemy.pl\/index.php\/wp-json\/wp\/v2\/pages\/186"}],"collection":[{"href":"https:\/\/openspacemy.pl\/index.php\/wp-json\/wp\/v2\/pages"}],"about":[{"href":"https:\/\/openspacemy.pl\/index.php\/wp-json\/wp\/v2\/types\/page"}],"author":[{"embeddable":true,"href":"https:\/\/openspacemy.pl\/index.php\/wp-json\/wp\/v2\/users\/1"}],"replies":[{"embeddable":true,"href":"https:\/\/openspacemy.pl\/index.php\/wp-json\/wp\/v2\/comments?post=186"}],"version-history":[{"count":3,"href":"https:\/\/openspacemy.pl\/index.php\/wp-json\/wp\/v2\/pages\/186\/revisions"}],"predecessor-version":[{"id":217,"href":"https:\/\/openspacemy.pl\/index.php\/wp-json\/wp\/v2\/pages\/186\/revisions\/217"}],"wp:attachment":[{"href":"https:\/\/openspacemy.pl\/index.php\/wp-json\/wp\/v2\/media?parent=186"}],"curies":[{"name":"wp","href":"https:\/\/api.w.org\/{rel}","templated":true}]}}