{"id":20,"date":"2023-02-24T14:43:05","date_gmt":"2023-02-24T13:43:05","guid":{"rendered":"https:\/\/openspacemy.pl\/?page_id=20"},"modified":"2024-11-20T19:03:42","modified_gmt":"2024-11-20T18:03:42","slug":"warsztaty","status":"publish","type":"page","link":"https:\/\/openspacemy.pl\/index.php\/warsztaty\/","title":{"rendered":"PROJEKTY"},"content":{"rendered":"\n<p>Fundacja Otwarta Przestrze\u0144 Mys\u0142owice realizuje innowacyjne projekty, kt\u00f3re aktywizuj\u0105 lokaln\u0105 spo\u0142eczno\u015b\u0107 poprzez sztuk\u0119. Jednym z naszych kluczowych przedsi\u0119wzi\u0119\u0107 jest \u201eOgr\u00f3d Balsamiczny II &#8211; Queerekologiczne Warsztaty dla Senior\u00f3w\u201d, projekt realizowany dzi\u0119ki dofinansowaniu GZM Katowice w ramach programu &#8220;Sp\u00f3jnik&#8221;, kt\u00f3ry by\u0142 kierowany do seniorek z Mys\u0142owic i Tych\u00f3w. <\/p>\n\n\n\n<p>R\u00f3wnocze\u015bnie pracujemy nad stworzeniem miejsca mi\u0119dzynarodowych rezydencji artystycznych, kt\u00f3re stanie si\u0119 przestrzeni\u0105 wymiany artystycznej i kulturalnej. Naszym celem jest sprzyjanie wsp\u00f3\u0142pracy mi\u0119dzy artystami i artystkami z lokaln\u0105 spo\u0142eczno\u015bci\u0105 oraz wspieranie program\u00f3w i projekt\u00f3w skupionych na wa\u017cnych spo\u0142ecznych kwestiach.<\/p>\n\n\n\n<p><\/p>\n\n\n\n<figure class=\"is-layout-flex wp-block-gallery-1 wp-block-gallery has-nested-images columns-default is-cropped\">\n<figure class=\"wp-block-image size-large\"><img decoding=\"async\" loading=\"lazy\" width=\"683\" height=\"1024\" data-id=\"110\"  src=\"https:\/\/openspacemy.pl\/wp-content\/uploads\/2024\/11\/20240620_Trojkat-trzech-cesarzy_52-683x1024.jpg\" alt=\"\" class=\"wp-image-110\" srcset=\"https:\/\/openspacemy.pl\/wp-content\/uploads\/2024\/11\/20240620_Trojkat-trzech-cesarzy_52-683x1024.jpg 683w, https:\/\/openspacemy.pl\/wp-content\/uploads\/2024\/11\/20240620_Trojkat-trzech-cesarzy_52-200x300.jpg 200w, https:\/\/openspacemy.pl\/wp-content\/uploads\/2024\/11\/20240620_Trojkat-trzech-cesarzy_52-768x1152.jpg 768w, https:\/\/openspacemy.pl\/wp-content\/uploads\/2024\/11\/20240620_Trojkat-trzech-cesarzy_52-1024x1536.jpg 1024w, https:\/\/openspacemy.pl\/wp-content\/uploads\/2024\/11\/20240620_Trojkat-trzech-cesarzy_52-1365x2048.jpg 1365w, https:\/\/openspacemy.pl\/wp-content\/uploads\/2024\/11\/20240620_Trojkat-trzech-cesarzy_52-scaled.jpg 1707w\" sizes=\"(max-width: 683px) 100vw, 683px\" \/><\/figure>\n<\/figure>\n","protected":false},"excerpt":{"rendered":"<p>Fundacja Otwarta Przestrze\u0144 Mys\u0142owice realizuje innowacyjne projekty, kt\u00f3re aktywizuj\u0105 lokaln\u0105 spo\u0142eczno\u015b\u0107 poprzez sztuk\u0119. Jednym z naszych kluczowych przedsi\u0119wzi\u0119\u0107 jest \u201eOgr\u00f3d Balsamiczny II &#8211; Queerekologiczne Warsztaty dla Senior\u00f3w\u201d, projekt realizowany dzi\u0119ki dofinansowaniu GZM Katowice w ramach programu &#8220;Sp\u00f3jnik&#8221;, kt\u00f3ry by\u0142 kierowany do seniorek z Mys\u0142owic i Tych\u00f3w. R\u00f3wnocze\u015bnie pracujemy nad stworzeniem miejsca mi\u0119dzynarodowych rezydencji artystycznych, kt\u00f3re [&hellip;]<\/p>\n","protected":false},"author":1,"featured_media":0,"parent":0,"menu_order":0,"comment_status":"closed","ping_status":"closed","template":"","meta":[],"_links":{"self":[{"href":"https:\/\/openspacemy.pl\/index.php\/wp-json\/wp\/v2\/pages\/20"}],"collection":[{"href":"https:\/\/openspacemy.pl\/index.php\/wp-json\/wp\/v2\/pages"}],"about":[{"href":"https:\/\/openspacemy.pl\/index.php\/wp-json\/wp\/v2\/types\/page"}],"author":[{"embeddable":true,"href":"https:\/\/openspacemy.pl\/index.php\/wp-json\/wp\/v2\/users\/1"}],"replies":[{"embeddable":true,"href":"https:\/\/openspacemy.pl\/index.php\/wp-json\/wp\/v2\/comments?post=20"}],"version-history":[{"count":5,"href":"https:\/\/openspacemy.pl\/index.php\/wp-json\/wp\/v2\/pages\/20\/revisions"}],"predecessor-version":[{"id":111,"href":"https:\/\/openspacemy.pl\/index.php\/wp-json\/wp\/v2\/pages\/20\/revisions\/111"}],"wp:attachment":[{"href":"https:\/\/openspacemy.pl\/index.php\/wp-json\/wp\/v2\/media?parent=20"}],"curies":[{"name":"wp","href":"https:\/\/api.w.org\/{rel}","templated":true}]}}