{"id":218,"date":"2025-11-04T17:41:11","date_gmt":"2025-11-04T16:41:11","guid":{"rendered":"https:\/\/openspacemy.pl\/?page_id=218"},"modified":"2025-11-04T17:57:14","modified_gmt":"2025-11-04T16:57:14","slug":"zapytanie-ofertowe","status":"publish","type":"page","link":"https:\/\/openspacemy.pl\/index.php\/zapytanie-ofertowe\/","title":{"rendered":"ZAPYTANIE OFERTOWE"},"content":{"rendered":"\n<p>Mys\u0142owice, 1 kwietnia 2025&nbsp;<\/p>\n\n\n\n<figure class=\"wp-block-image size-full\"><img decoding=\"async\" loading=\"lazy\" width=\"207\" height=\"151\" src=\"https:\/\/openspacemy.pl\/wp-content\/uploads\/2025\/11\/image.png\" alt=\"\" class=\"wp-image-219\"\/><\/figure>\n\n\n\n<p>Fundacja Otwarta Przestrze\u0144 Mys\u0142owice&nbsp;<\/p>\n\n\n\n<p>ul. Chopina 32a\/13, 41 -406 Mys\u0142owice<\/p>\n\n\n\n<p>KRS: 0000925904&nbsp;<\/p>\n\n\n\n<p><strong>ZAPYTANIE OFERTOWE<\/strong>&nbsp;<\/p>\n\n\n\n<p><strong>Dotyczy:&nbsp;wykonania prac remontowo-wyko\u0144czeniowych w lokalu&nbsp;przy ul. Grunwaldzkiej 22\/7 oraz 6 w Mys\u0142owicach&nbsp;w ramach dofinansowania&nbsp;z Programu \u201eInfrastruktura kultury 2025\u201d Ministerstwa Kultury i Dziedzictwa Narodowego<\/strong>&nbsp;<\/p>\n\n\n\n<p>Przedmiotem zam\u00f3wienia jest wykonanie prac remontowo-wyko\u0144czeniowych&nbsp;przy ul. Grunwaldzkiej 22\/7 oraz 6 w Mys\u0142owicach&nbsp;obejmuj\u0105cych:&nbsp;<\/p>\n\n\n\n<p><strong>I.&nbsp;Malowanie pomieszcze\u0144<\/strong>&nbsp;<\/p>\n\n\n\n<ul>\n<li>Malowanie&nbsp;\u015bcian&nbsp;oraz sufit\u00f3w (660 m\u00b2)&nbsp;<\/li>\n<\/ul>\n\n\n\n<p><strong>II. Nak\u0142adanie g\u0142adzi<\/strong>&nbsp;&nbsp;<\/p>\n\n\n\n<ul>\n<li>Nak\u0142adanie g\u0142adzi (262 m\u00b2)&nbsp;<\/li>\n<\/ul>\n\n\n\n<p><strong>III. Remont \u0142azienki<\/strong>&nbsp;(4,68 m\u00b2 x&nbsp;2,7 m wys.)&nbsp;<br>Zakres prac obejmuje:&nbsp;<\/p>\n\n\n\n<ul>\n<li>Skucie p\u0142ytek (ok. 9,5 m\u00b2)&nbsp;<\/li>\n<\/ul>\n\n\n\n<ul>\n<li>Demonta\u017c umywalki i toalety&nbsp;<\/li>\n<\/ul>\n\n\n\n<ul>\n<li>Budow\u0119 \u015bcianki gipsowo-kartonowej (je\u015bli potrzeba)&nbsp;<\/li>\n<\/ul>\n\n\n\n<ul>\n<li>Uk\u0142adanie nowych p\u0142ytek (ok. 23 m\u00b2 \u2013 \u015bciany i pod\u0142oga)&nbsp;<\/li>\n<\/ul>\n\n\n\n<ul>\n<li>Monta\u017c umywalki i toalety&nbsp;<\/li>\n<\/ul>\n\n\n\n<ul>\n<li>Wyko\u0144czenie fugami i silikonem&nbsp;<\/li>\n<\/ul>\n\n\n\n<p><strong>3. Materia\u0142y i koszty<\/strong>&nbsp;<br>Wykonawca pokrywa&nbsp;<strong>pe\u0142ny koszt materia\u0142\u00f3w<\/strong>&nbsp;(farby, g\u0142adzie, p\u0142ytki, fugi, kleje, sanitariaty).&nbsp;<br>Wzory\/kolory p\u0142ytek oraz farb zostan\u0105 zatwierdzone przez Zamawiaj\u0105cego przed zakupem.&nbsp;<\/p>\n\n\n\n<p><strong>4. Termin sk\u0142adania ofert<\/strong>&nbsp;<\/p>\n\n\n\n<p>Ofert\u0119 nale\u017cy zg\u0142osi\u0107 do: 10 listopada 2025&nbsp;<\/p>\n\n\n\n<p><strong>4. Termin realizacji<\/strong>&nbsp;<\/p>\n\n\n\n<p>Zam\u00f3wienie nale\u017cy zrealizowa\u0107 do dnia:\u00a010\u00a0grudnia\u00a02025\u00a0<\/p>\n\n\n\n<p><strong>5. Warunki wykonania<\/strong>&nbsp;<\/p>\n\n\n\n<ul>\n<li>Prace musz\u0105 by\u0107 wykonane zgodnie ze sztuk\u0105 budowlan\u0105 i przepisami BHP.&nbsp;<\/li>\n<\/ul>\n\n\n\n<ul>\n<li>Po zako\u0144czeniu prac teren musi by\u0107 uporz\u0105dkowany.&nbsp;<\/li>\n<\/ul>\n\n\n\n<ul>\n<li>Zamawiaj\u0105cy mo\u017ce odby\u0107 wizj\u0119 lokaln\u0105 przed z\u0142o\u017ceniem oferty.&nbsp;<\/li>\n<\/ul>\n\n\n\n<p><strong>6. Spos\u00f3b z\u0142o\u017cenia oferty<\/strong>&nbsp;<br>Oferta powinna zawiera\u0107:&nbsp;<\/p>\n\n\n\n<ul>\n<li>\u0142\u0105czn\u0105&nbsp;<strong>cen\u0119 brutto za ca\u0142o\u015b\u0107 prac (z materia\u0142ami)<\/strong>&nbsp;<\/li>\n<\/ul>\n\n\n\n<ul>\n<li>proponowany&nbsp;<strong>termin realizacji<\/strong>&nbsp;<\/li>\n<\/ul>\n\n\n\n<p><strong>7. Kryterium wyboru oferty<\/strong>&nbsp;<br>Najkorzystniejsza b\u0119dzie oferta o&nbsp;<strong>najni\u017cszej cenie brutto<\/strong>, przy spe\u0142nieniu wymaga\u0144 jako\u015bciowych.&nbsp;<\/p>\n\n\n\n<p><strong>8. Uwagi ko\u0144cowe<\/strong>&nbsp;<br>Zamawiaj\u0105cy zastrzega sobie prawo do:&nbsp;<\/p>\n\n\n\n<ul>\n<li>uniewa\u017cnienia post\u0119powania bez podania przyczyny&nbsp;<\/li>\n<\/ul>\n\n\n\n<ul>\n<li>wyboru oferty spo\u015br\u00f3d&nbsp;z\u0142o\u017conych&nbsp;<\/li>\n<\/ul>\n\n\n\n<ul>\n<li>Ofert\u0119 mog\u0105 z\u0142o\u017cy\u0107 zar\u00f3wno podmioty prowadz\u0105ce dzia\u0142alno\u015b\u0107 gospodarcz\u0105, jak&nbsp;i osoby fizyczne nieprowadz\u0105ce dzia\u0142alno\u015bci gospodarczej.&nbsp;<\/li>\n<\/ul>\n\n\n\n<ul>\n<li>W przypadku wyboru oferty osoby fizycznej nieprowadz\u0105cej dzia\u0142alno\u015bci gospodarczej, wsp\u00f3\u0142praca zostanie nawi\u0105zana na podstawie umowy zlecenia zawartej z Zamawiaj\u0105cym.&nbsp;<\/li>\n<\/ul>\n\n\n\n<p><em>Z wyrazami szacunku,<\/em>&nbsp;<\/p>\n\n\n\n<p>Prezeska Fundacji&nbsp;Otwarta Przestrze\u0144 Mys\u0142owice<\/p>\n\n\n\n<p>Agata Szymanek&nbsp;<\/p>\n","protected":false},"excerpt":{"rendered":"<p>Mys\u0142owice, 1 kwietnia 2025&nbsp; Fundacja Otwarta Przestrze\u0144 Mys\u0142owice&nbsp; ul. Chopina 32a\/13, 41 -406 Mys\u0142owice KRS: 0000925904&nbsp; ZAPYTANIE OFERTOWE&nbsp; Dotyczy:&nbsp;wykonania prac remontowo-wyko\u0144czeniowych w lokalu&nbsp;przy ul. Grunwaldzkiej 22\/7 oraz 6 w Mys\u0142owicach&nbsp;w ramach dofinansowania&nbsp;z Programu \u201eInfrastruktura kultury 2025\u201d Ministerstwa Kultury i Dziedzictwa Narodowego&nbsp; Przedmiotem zam\u00f3wienia jest wykonanie prac remontowo-wyko\u0144czeniowych&nbsp;przy ul. Grunwaldzkiej 22\/7 oraz 6 w Mys\u0142owicach&nbsp;obejmuj\u0105cych:&nbsp; I.&nbsp;Malowanie [&hellip;]<\/p>\n","protected":false},"author":1,"featured_media":0,"parent":0,"menu_order":0,"comment_status":"closed","ping_status":"closed","template":"","meta":[],"_links":{"self":[{"href":"https:\/\/openspacemy.pl\/index.php\/wp-json\/wp\/v2\/pages\/218"}],"collection":[{"href":"https:\/\/openspacemy.pl\/index.php\/wp-json\/wp\/v2\/pages"}],"about":[{"href":"https:\/\/openspacemy.pl\/index.php\/wp-json\/wp\/v2\/types\/page"}],"author":[{"embeddable":true,"href":"https:\/\/openspacemy.pl\/index.php\/wp-json\/wp\/v2\/users\/1"}],"replies":[{"embeddable":true,"href":"https:\/\/openspacemy.pl\/index.php\/wp-json\/wp\/v2\/comments?post=218"}],"version-history":[{"count":3,"href":"https:\/\/openspacemy.pl\/index.php\/wp-json\/wp\/v2\/pages\/218\/revisions"}],"predecessor-version":[{"id":225,"href":"https:\/\/openspacemy.pl\/index.php\/wp-json\/wp\/v2\/pages\/218\/revisions\/225"}],"wp:attachment":[{"href":"https:\/\/openspacemy.pl\/index.php\/wp-json\/wp\/v2\/media?parent=218"}],"curies":[{"name":"wp","href":"https:\/\/api.w.org\/{rel}","templated":true}]}}