{"id":88,"date":"2023-05-24T16:56:03","date_gmt":"2023-05-24T14:56:03","guid":{"rendered":"https:\/\/openspacemy.pl\/?page_id=88"},"modified":"2023-05-24T16:56:03","modified_gmt":"2023-05-24T14:56:03","slug":"wakacje-2023","status":"publish","type":"page","link":"https:\/\/openspacemy.pl\/index.php\/wakacje-2023\/","title":{"rendered":"WAKACJE 2023"},"content":{"rendered":"\n<p>Zapraszamy na wakacyjne<br>zaj\u0119cia tw\u00f3rcze dla dzieci i m\u0142odzie\u017cy:<br>Soboty, 10.00 &#8211; 12.00<br>(24.06 &#8211; 2.09.2023)<\/p>\n\n\n\n<p>Koszt: 70 z\u0142 za spotkanie. Udost\u0119pniamy wszystkie materia\u0142y do pracy artystycznej. Prosimy zabra\u0107 ze sob\u0105 str\u00f3j, kt\u00f3ry mo\u017ce si\u0119 pobrudzi\u0107 w trakcie zaj\u0119\u0107.<\/p>\n\n\n\n<p>Zg\u0142oszenia: openspacemy@gmail.com, +48 691 954 325<\/p>\n","protected":false},"excerpt":{"rendered":"<p>Zapraszamy na wakacyjnezaj\u0119cia tw\u00f3rcze dla dzieci i m\u0142odzie\u017cy:Soboty, 10.00 &#8211; 12.00(24.06 &#8211; 2.09.2023) Koszt: 70 z\u0142 za spotkanie. Udost\u0119pniamy wszystkie materia\u0142y do pracy artystycznej. Prosimy zabra\u0107 ze sob\u0105 str\u00f3j, kt\u00f3ry mo\u017ce si\u0119 pobrudzi\u0107 w trakcie zaj\u0119\u0107. Zg\u0142oszenia: openspacemy@gmail.com, +48 691 954 325<\/p>\n","protected":false},"author":1,"featured_media":0,"parent":0,"menu_order":0,"comment_status":"closed","ping_status":"closed","template":"","meta":[],"_links":{"self":[{"href":"https:\/\/openspacemy.pl\/index.php\/wp-json\/wp\/v2\/pages\/88"}],"collection":[{"href":"https:\/\/openspacemy.pl\/index.php\/wp-json\/wp\/v2\/pages"}],"about":[{"href":"https:\/\/openspacemy.pl\/index.php\/wp-json\/wp\/v2\/types\/page"}],"author":[{"embeddable":true,"href":"https:\/\/openspacemy.pl\/index.php\/wp-json\/wp\/v2\/users\/1"}],"replies":[{"embeddable":true,"href":"https:\/\/openspacemy.pl\/index.php\/wp-json\/wp\/v2\/comments?post=88"}],"version-history":[{"count":2,"href":"https:\/\/openspacemy.pl\/index.php\/wp-json\/wp\/v2\/pages\/88\/revisions"}],"predecessor-version":[{"id":100,"href":"https:\/\/openspacemy.pl\/index.php\/wp-json\/wp\/v2\/pages\/88\/revisions\/100"}],"wp:attachment":[{"href":"https:\/\/openspacemy.pl\/index.php\/wp-json\/wp\/v2\/media?parent=88"}],"curies":[{"name":"wp","href":"https:\/\/api.w.org\/{rel}","templated":true}]}}